{"id":86,"date":"2010-12-10T20:54:43","date_gmt":"2010-12-10T19:54:43","guid":{"rendered":"http:\/\/www.spzwolkersdorf.ac.at\/wp\/?page_id=86"},"modified":"2026-03-15T18:40:31","modified_gmt":"2026-03-15T17:40:31","slug":"klassen","status":"publish","type":"page","link":"https:\/\/aso-wolkersdorf.ac.at\/wp\/?page_id=86","title":{"rendered":"Klassen"},"content":{"rendered":"<p style=\"text-align: justify;\"><span style=\"text-decoration: underline;\">Klasse A<\/span>: 1. &#8211; 9. Schulstufe (EF)<\/p>\n<p style=\"text-align: justify;\">Dipl. P\u00e4d. Julia Heinrich; Dipl. P\u00e4d. Katharina Kleibl<\/p>\n<p style=\"text-align: justify;\">&nbsp;<\/p>\n<p style=\"text-align: justify;\"><span style=\"text-decoration: underline;\">Klasse B<\/span>: 1. &#8211; 5. Schulstufe (VS, ASO, EF)<\/p>\n<p style=\"text-align: justify;\">Regina Holzer-Stach BEd; Mag. Gisela Wimmer<\/p>\n<p>&nbsp;<\/p>\n<p style=\"text-align: justify;\"><span style=\"text-decoration: underline;\">Klasse C<\/span>: 6. &#8211; 9. Schulstufe (ASO, EF)<\/p>\n<p style=\"text-align: justify;\">Mag. Daniela K\u00f6rmer; Romana Schwarzb\u00f6ck, BEd; Ingrid Friedschr\u00f6der BEd;<\/p>\n<p>&nbsp;<\/p>\n<p><span style=\"text-decoration: underline;\">Klasse D<\/span>: 3. &#8211; 6. Schulstufe (VS, ASO)<\/p>\n<p>Marlies M\u00fcller BEd; Ingrid Friedschr\u00f6der BEd;<\/p>\n<p>&nbsp;<\/p>\n<p style=\"text-align: justify;\">&nbsp;<\/p>\n<p>&nbsp;<\/p>\n<p style=\"text-align: justify;\"><span style=\"color: #888888;\">&nbsp;<\/span><\/p>\n","protected":false},"excerpt":{"rendered":"<p>Klasse A: 1. &#8211; 9. Schulstufe (EF) Dipl. P\u00e4d. Julia Heinrich; Dipl. P\u00e4d. Katharina Kleibl &nbsp; Klasse B: 1. &#8211; 5. Schulstufe (VS, ASO, EF) Regina Holzer-Stach BEd; Mag. Gisela Wimmer &nbsp; Klasse C: 6. &#8211; 9. Schulstufe (ASO, EF) Mag. Daniela K\u00f6rmer; Romana Schwarzb\u00f6ck, BEd; Ingrid Friedschr\u00f6der BEd; &nbsp; Klasse D: 3. &#8211; 6. Schulstufe (VS, ASO) Marlies M\u00fcller BEd; Ingrid Friedschr\u00f6der BEd; &nbsp; &nbsp; &nbsp; &nbsp;<\/p>\n","protected":false},"author":1002,"featured_media":0,"parent":0,"menu_order":0,"comment_status":"closed","ping_status":"closed","template":"","meta":{"ngg_post_thumbnail":0,"footnotes":""},"class_list":["post-86","page","type-page","status-publish"],"_links":{"self":[{"href":"https:\/\/aso-wolkersdorf.ac.at\/wp\/index.php?rest_route=\/wp\/v2\/pages\/86","targetHints":{"allow":["GET"]}}],"collection":[{"href":"https:\/\/aso-wolkersdorf.ac.at\/wp\/index.php?rest_route=\/wp\/v2\/pages"}],"about":[{"href":"https:\/\/aso-wolkersdorf.ac.at\/wp\/index.php?rest_route=\/wp\/v2\/types\/page"}],"author":[{"embeddable":true,"href":"https:\/\/aso-wolkersdorf.ac.at\/wp\/index.php?rest_route=\/wp\/v2\/users\/1002"}],"replies":[{"embeddable":true,"href":"https:\/\/aso-wolkersdorf.ac.at\/wp\/index.php?rest_route=%2Fwp%2Fv2%2Fcomments&post=86"}],"version-history":[{"count":39,"href":"https:\/\/aso-wolkersdorf.ac.at\/wp\/index.php?rest_route=\/wp\/v2\/pages\/86\/revisions"}],"predecessor-version":[{"id":2502,"href":"https:\/\/aso-wolkersdorf.ac.at\/wp\/index.php?rest_route=\/wp\/v2\/pages\/86\/revisions\/2502"}],"wp:attachment":[{"href":"https:\/\/aso-wolkersdorf.ac.at\/wp\/index.php?rest_route=%2Fwp%2Fv2%2Fmedia&parent=86"}],"curies":[{"name":"wp","href":"https:\/\/api.w.org\/{rel}","templated":true}]}}