{"id":84,"date":"2010-12-10T20:54:21","date_gmt":"2010-12-10T19:54:21","guid":{"rendered":"http:\/\/www.spzwolkersdorf.ac.at\/wp\/?page_id=84"},"modified":"2026-03-15T17:38:39","modified_gmt":"2026-03-15T16:38:39","slug":"besondere-angebote","status":"publish","type":"page","link":"https:\/\/aso-wolkersdorf.ac.at\/wp\/?page_id=84","title":{"rendered":"Unsere Angebote"},"content":{"rendered":"\n<p><strong>Sprachheilp\u00e4dagogische Betreuung<br><\/strong><\/p>\n\n\n\n<p><strong>Ergotherapie (Fr. Annette Sieghart)<\/strong><\/p>\n\n\n\n<p><strong>Musiktherapie<\/strong><\/p>\n\n\n\n<p><strong>Betreuung durch Beratungslehrer und Beratungslehrerinnen<\/strong><\/p>\n\n\n\n<p><strong>Jugendcoaching<\/strong> &#8211; Unterst\u00fctzung bei Berufsfindung und Berufseinstieg<\/p>\n\n\n\n<p><strong>Sensorische Integration<\/strong><\/p>\n\n\n\n<p><strong>Nachmittagsbetreuung<br><\/strong><\/p>\n\n\n\n<p>Seit dem Schuljahr 2013\/2014 gibt es eine schulische Nachmittagsbetreuung. Nach dem Mittagessen findet eine Lernstunde statt, die von Lehrerinnen gehalten wird und in der die Haus\u00fcbungen erledigt werden. Danach gibt es Freizeitangebote, abgestimmt auf die Bed\u00fcrfnisse der Sch\u00fclerinnen und Sch\u00fcler.&nbsp;<\/p>\n\n\n\n<p><strong><a href=\"http:\/\/www.apollonia2020.at\" target=\"_blank\" rel=\"noopener\">Apollonia Zahngesundheitsprojekt<\/a><br><\/strong><\/p>\n\n\n\n<p><strong>Teilnahme am Projekt &#8222;Gesunde Schule&#8220;&nbsp;<\/strong><\/p>\n\n\n\n<p>&nbsp;<\/p>\n\n\n\n<p><strong>Teilnahme an der Ger\u00e4teinitiative &#8222;Digitales Lernen&#8220;<\/strong><\/p>\n\n\n\n<p><strong>Snoezelenraum mit neuer B\u00fccherecke ngg_shortcode_0_placeholder<\/strong><\/p>\n\n\n\n<p><\/p>\n","protected":false},"excerpt":{"rendered":"<p>Sprachheilp\u00e4dagogische Betreuung Ergotherapie (Fr. Annette Sieghart) Musiktherapie Betreuung durch Beratungslehrer und Beratungslehrerinnen Jugendcoaching &#8211; Unterst\u00fctzung bei Berufsfindung und Berufseinstieg Sensorische Integration Nachmittagsbetreuung Seit dem Schuljahr 2013\/2014 gibt es eine schulische Nachmittagsbetreuung. Nach dem Mittagessen findet eine Lernstunde statt, die von Lehrerinnen gehalten wird und in der die Haus\u00fcbungen erledigt werden. Danach gibt es Freizeitangebote, abgestimmt auf die Bed\u00fcrfnisse der Sch\u00fclerinnen und Sch\u00fcler.&nbsp; Apollonia Zahngesundheitsprojekt Teilnahme am Projekt &#8222;Gesunde Schule&#8220;&nbsp; &nbsp; Teilnahme an der Ger\u00e4teinitiative &#8222;Digitales Lernen&#8220; Snoezelenraum mit neuer B\u00fccherecke<\/p>\n","protected":false},"author":1002,"featured_media":0,"parent":0,"menu_order":0,"comment_status":"closed","ping_status":"closed","template":"","meta":{"ngg_post_thumbnail":0,"footnotes":""},"class_list":["post-84","page","type-page","status-publish"],"_links":{"self":[{"href":"https:\/\/aso-wolkersdorf.ac.at\/wp\/index.php?rest_route=\/wp\/v2\/pages\/84","targetHints":{"allow":["GET"]}}],"collection":[{"href":"https:\/\/aso-wolkersdorf.ac.at\/wp\/index.php?rest_route=\/wp\/v2\/pages"}],"about":[{"href":"https:\/\/aso-wolkersdorf.ac.at\/wp\/index.php?rest_route=\/wp\/v2\/types\/page"}],"author":[{"embeddable":true,"href":"https:\/\/aso-wolkersdorf.ac.at\/wp\/index.php?rest_route=\/wp\/v2\/users\/1002"}],"replies":[{"embeddable":true,"href":"https:\/\/aso-wolkersdorf.ac.at\/wp\/index.php?rest_route=%2Fwp%2Fv2%2Fcomments&post=84"}],"version-history":[{"count":20,"href":"https:\/\/aso-wolkersdorf.ac.at\/wp\/index.php?rest_route=\/wp\/v2\/pages\/84\/revisions"}],"predecessor-version":[{"id":2441,"href":"https:\/\/aso-wolkersdorf.ac.at\/wp\/index.php?rest_route=\/wp\/v2\/pages\/84\/revisions\/2441"}],"wp:attachment":[{"href":"https:\/\/aso-wolkersdorf.ac.at\/wp\/index.php?rest_route=%2Fwp%2Fv2%2Fmedia&parent=84"}],"curies":[{"name":"wp","href":"https:\/\/api.w.org\/{rel}","templated":true}]}}