{"id":82,"date":"2010-12-10T20:54:04","date_gmt":"2010-12-10T19:54:04","guid":{"rendered":"http:\/\/www.spzwolkersdorf.ac.at\/wp\/?page_id=82"},"modified":"2026-03-15T17:28:41","modified_gmt":"2026-03-15T16:28:41","slug":"schulprofil","status":"publish","type":"page","link":"https:\/\/aso-wolkersdorf.ac.at\/wp\/?page_id=82","title":{"rendered":"Unser Leitbild"},"content":{"rendered":"<p>&nbsp;<\/p>\n<p><strong>ngg_shortcode_0_placeholder<\/strong><\/p>\n<p>Die Sonderschule Wolkersdorf ist eine kleine, famili\u00e4re Schule mit vier Klassen.<\/p>\n<p>Wir&#8230;<\/p>\n<ul>\n<li>&#8230; ber\u00fccksichtigen die unterschiedlichen Bed\u00fcrfnisse und den individuellen Lern- und Entwicklungsstand.<\/li>\n<li>&#8230; nehmen die Sch\u00fclerinnen und Sch\u00fcler so an, wie sie sind.&nbsp;<\/li>\n<li>&#8230; setzen bei den St\u00e4rken und Begabungen des Kindes an.<\/li>\n<li>&#8230; begleiten unsere Sch\u00fclerinnen und Sch\u00fcler und unterst\u00fctzen, f\u00f6rdern und fordern sie.&nbsp;<\/li>\n<li>&#8230; legen im Unterricht Wert auf gr\u00f6\u00dftm\u00f6gliche Selbstst\u00e4ndigkeit.<\/li>\n<li>&#8230; unterrichten in Kleingruppen mit innerer Differenzierung.<\/li>\n<\/ul>\n<p>Das ist uns wichtig und macht uns aus:<\/p>\n<p>\u263c&nbsp; Verst\u00e4ndnis und Wertsch\u00e4tzung f\u00fcreinander<\/p>\n<p>\u263c&nbsp; Gemeinschaft leben<\/p>\n<p>\u263c&nbsp; das Wohl des Kindes steht im Vordergrund<\/p>\n<p>\u263c&nbsp; R\u00fccksichtnahme auf die individuelle Situation des Kindes<\/p>\n<p>\u263c&nbsp; abwechslungsreicher Schulalltag<\/p>\n<p>\u263c&nbsp; eine angenehme Lernatmosph\u00e4re<\/p>\n<p>\u263c&nbsp; guter und intensiver Kontakt und Austausch mit Eltern und Erziehungsberechtigten &#8211; Zusammenarbeit ist wichtig!<\/p>\n<p>\u263c&nbsp; offen zu sein, f\u00fcr die Zusammenarbeit mit au\u00dferschulischen Institutionen<\/p>\n<p>\u263c&nbsp; ein engagiertes Team<\/p>\n<p>\u263c&nbsp; Interesse an Weiterentwicklung und Fortbildung<\/p>\n<p>\u263c&nbsp; Reflexion der eigenen Arbeit<\/p>\n<p>&nbsp;<\/p>\n","protected":false},"excerpt":{"rendered":"<p>&nbsp; Die Sonderschule Wolkersdorf ist eine kleine, famili\u00e4re Schule mit vier Klassen. Wir&#8230; &#8230; ber\u00fccksichtigen die unterschiedlichen Bed\u00fcrfnisse und den individuellen Lern- und Entwicklungsstand. &#8230; nehmen die Sch\u00fclerinnen und Sch\u00fcler so an, wie sie sind.&nbsp; &#8230; setzen bei den St\u00e4rken und Begabungen des Kindes an. &#8230; begleiten unsere Sch\u00fclerinnen und Sch\u00fcler und unterst\u00fctzen, f\u00f6rdern und fordern sie.&nbsp; &#8230; legen im Unterricht Wert auf gr\u00f6\u00dftm\u00f6gliche Selbstst\u00e4ndigkeit. &#8230; unterrichten in Kleingruppen mit innerer Differenzierung. Das ist uns wichtig und macht uns aus: \u263c&nbsp; Verst\u00e4ndnis und Wertsch\u00e4tzung f\u00fcreinander \u263c&nbsp; Gemeinschaft leben \u263c&nbsp; das Wohl des Kindes steht im Vordergrund \u263c&nbsp; R\u00fccksichtnahme auf die individuelle Situation des Kindes \u263c&nbsp; abwechslungsreicher Schulalltag \u263c&nbsp; eine angenehme Lernatmosph\u00e4re \u263c&nbsp; guter und intensiver Kontakt und Austausch mit Eltern und Erziehungsberechtigten &#8211; Zusammenarbeit ist wichtig! \u263c&nbsp; offen zu sein, f\u00fcr die Zusammenarbeit mit au\u00dferschulischen Institutionen \u263c&nbsp; ein engagiertes Team \u263c&nbsp; Interesse an Weiterentwicklung und Fortbildung \u263c&nbsp; Reflexion der eigenen&hellip;<\/p>\n<p> <a class=\"more-link\" href=\"https:\/\/aso-wolkersdorf.ac.at\/wp\/?page_id=82\">Weiterlesen<\/a><\/p>\n","protected":false},"author":1002,"featured_media":0,"parent":0,"menu_order":0,"comment_status":"closed","ping_status":"closed","template":"","meta":{"ngg_post_thumbnail":0,"footnotes":""},"class_list":["post-82","page","type-page","status-publish"],"_links":{"self":[{"href":"https:\/\/aso-wolkersdorf.ac.at\/wp\/index.php?rest_route=\/wp\/v2\/pages\/82","targetHints":{"allow":["GET"]}}],"collection":[{"href":"https:\/\/aso-wolkersdorf.ac.at\/wp\/index.php?rest_route=\/wp\/v2\/pages"}],"about":[{"href":"https:\/\/aso-wolkersdorf.ac.at\/wp\/index.php?rest_route=\/wp\/v2\/types\/page"}],"author":[{"embeddable":true,"href":"https:\/\/aso-wolkersdorf.ac.at\/wp\/index.php?rest_route=\/wp\/v2\/users\/1002"}],"replies":[{"embeddable":true,"href":"https:\/\/aso-wolkersdorf.ac.at\/wp\/index.php?rest_route=%2Fwp%2Fv2%2Fcomments&post=82"}],"version-history":[{"count":16,"href":"https:\/\/aso-wolkersdorf.ac.at\/wp\/index.php?rest_route=\/wp\/v2\/pages\/82\/revisions"}],"predecessor-version":[{"id":2439,"href":"https:\/\/aso-wolkersdorf.ac.at\/wp\/index.php?rest_route=\/wp\/v2\/pages\/82\/revisions\/2439"}],"wp:attachment":[{"href":"https:\/\/aso-wolkersdorf.ac.at\/wp\/index.php?rest_route=%2Fwp%2Fv2%2Fmedia&parent=82"}],"curies":[{"name":"wp","href":"https:\/\/api.w.org\/{rel}","templated":true}]}}