{"id":2011,"date":"2022-04-26T13:15:51","date_gmt":"2022-04-26T11:15:51","guid":{"rendered":"https:\/\/aso-wolkersdorf.ac.at\/wp\/?page_id=2011"},"modified":"2025-11-12T12:26:50","modified_gmt":"2025-11-12T11:26:50","slug":"unser-schulhaus","status":"publish","type":"page","link":"https:\/\/aso-wolkersdorf.ac.at\/wp\/?page_id=2011","title":{"rendered":"Unser Schulhaus"},"content":{"rendered":"\n<p>Eindr\u00fccke aus unserem Schulhaus.<\/p>\n\n\n\n<p>Der Eingangsbereich:<\/p>\n\n\n\n<p><strong>ngg_shortcode_0_placeholder<\/strong><\/p>\n\n\n\n<p><strong>ngg_shortcode_1_placeholder<\/strong><\/p>\n\n\n\n<p><strong>ngg_shortcode_2_placeholder<\/strong><\/p>\n\n\n\n<p>Die W\u00e4nde werden passend zur Jahreszeit mit den Sch\u00fclerinnen und Sch\u00fclern gestaltet.<\/p>\n\n\n\n<p><strong>ngg_shortcode_3_placeholder<\/strong><\/p>\n\n\n\n<p><strong>ngg_shortcode_4_placeholder<\/strong><\/p>\n\n\n\n<p><strong>ngg_shortcode_5_placeholder<\/strong><\/p>\n\n\n\n<p>Der Snoezelenraum mit B\u00fccherecke:<\/p>\n\n\n\n<p><strong>ngg_shortcode_6_placeholder<\/strong><\/p>\n\n\n\n<p><strong>ngg_shortcode_7_placeholder<\/strong><\/p>\n\n\n\n<p><strong>ngg_shortcode_8_placeholder<\/strong><\/p>\n\n\n\n<p>Die Schulk\u00fcche:<\/p>\n\n\n\n<p><strong>ngg_shortcode_9_placeholder<\/strong><\/p>\n\n\n\n<p>Die Direktion:<\/p>\n\n\n\n<p><strong>ngg_shortcode_10_placeholder<\/strong><\/p>\n\n\n\n<p><\/p>\n","protected":false},"excerpt":{"rendered":"<p>Eindr\u00fccke aus unserem Schulhaus. Der Eingangsbereich: Die W\u00e4nde werden passend zur Jahreszeit mit den Sch\u00fclerinnen und Sch\u00fclern gestaltet. Der Snoezelenraum mit B\u00fccherecke: Die Schulk\u00fcche: Die Direktion:<\/p>\n","protected":false},"author":1002,"featured_media":0,"parent":0,"menu_order":0,"comment_status":"closed","ping_status":"closed","template":"","meta":{"ngg_post_thumbnail":0,"footnotes":""},"class_list":["post-2011","page","type-page","status-publish"],"_links":{"self":[{"href":"https:\/\/aso-wolkersdorf.ac.at\/wp\/index.php?rest_route=\/wp\/v2\/pages\/2011","targetHints":{"allow":["GET"]}}],"collection":[{"href":"https:\/\/aso-wolkersdorf.ac.at\/wp\/index.php?rest_route=\/wp\/v2\/pages"}],"about":[{"href":"https:\/\/aso-wolkersdorf.ac.at\/wp\/index.php?rest_route=\/wp\/v2\/types\/page"}],"author":[{"embeddable":true,"href":"https:\/\/aso-wolkersdorf.ac.at\/wp\/index.php?rest_route=\/wp\/v2\/users\/1002"}],"replies":[{"embeddable":true,"href":"https:\/\/aso-wolkersdorf.ac.at\/wp\/index.php?rest_route=%2Fwp%2Fv2%2Fcomments&post=2011"}],"version-history":[{"count":5,"href":"https:\/\/aso-wolkersdorf.ac.at\/wp\/index.php?rest_route=\/wp\/v2\/pages\/2011\/revisions"}],"predecessor-version":[{"id":2352,"href":"https:\/\/aso-wolkersdorf.ac.at\/wp\/index.php?rest_route=\/wp\/v2\/pages\/2011\/revisions\/2352"}],"wp:attachment":[{"href":"https:\/\/aso-wolkersdorf.ac.at\/wp\/index.php?rest_route=%2Fwp%2Fv2%2Fmedia&parent=2011"}],"curies":[{"name":"wp","href":"https:\/\/api.w.org\/{rel}","templated":true}]}}