{"id":123,"date":"2010-12-10T22:12:09","date_gmt":"2010-12-10T21:12:09","guid":{"rendered":"http:\/\/www.spzwolkersdorf.ac.at\/wp\/?page_id=123"},"modified":"2018-11-28T11:47:40","modified_gmt":"2018-11-28T10:47:40","slug":"lehrplan","status":"publish","type":"page","link":"https:\/\/aso-wolkersdorf.ac.at\/wp\/?page_id=123","title":{"rendered":"Lehrplan"},"content":{"rendered":"<p><strong>Nach folgenden Lehrpl\u00e4nen wird bei uns unterrichtet:<\/strong><\/p>\n<p>Lehrplan der Allgemeinen Sonderschule<\/p>\n<p>Lehrplan f\u00fcr Kinder mit erh\u00f6htem F\u00f6rderbedarf<\/p>\n<p>Lehrplan der Volksschule<\/p>\n<p>Lehplan der Neuen Mittelschule<strong><br \/>\n<\/strong><\/p>\n<p>Lehrplan der Sondererziehungsschule<\/p>\n<p><strong>\u00a0<\/strong><\/p>\n","protected":false},"excerpt":{"rendered":"<p>Nach folgenden Lehrpl\u00e4nen wird bei uns unterrichtet: Lehrplan der Allgemeinen Sonderschule Lehrplan f\u00fcr Kinder mit erh\u00f6htem F\u00f6rderbedarf Lehrplan der Volksschule Lehplan der Neuen Mittelschule Lehrplan der Sondererziehungsschule \u00a0<\/p>\n","protected":false},"author":1002,"featured_media":0,"parent":0,"menu_order":0,"comment_status":"closed","ping_status":"closed","template":"","meta":{"ngg_post_thumbnail":0,"footnotes":""},"class_list":["post-123","page","type-page","status-publish"],"_links":{"self":[{"href":"https:\/\/aso-wolkersdorf.ac.at\/wp\/index.php?rest_route=\/wp\/v2\/pages\/123","targetHints":{"allow":["GET"]}}],"collection":[{"href":"https:\/\/aso-wolkersdorf.ac.at\/wp\/index.php?rest_route=\/wp\/v2\/pages"}],"about":[{"href":"https:\/\/aso-wolkersdorf.ac.at\/wp\/index.php?rest_route=\/wp\/v2\/types\/page"}],"author":[{"embeddable":true,"href":"https:\/\/aso-wolkersdorf.ac.at\/wp\/index.php?rest_route=\/wp\/v2\/users\/1002"}],"replies":[{"embeddable":true,"href":"https:\/\/aso-wolkersdorf.ac.at\/wp\/index.php?rest_route=%2Fwp%2Fv2%2Fcomments&post=123"}],"version-history":[{"count":7,"href":"https:\/\/aso-wolkersdorf.ac.at\/wp\/index.php?rest_route=\/wp\/v2\/pages\/123\/revisions"}],"predecessor-version":[{"id":1536,"href":"https:\/\/aso-wolkersdorf.ac.at\/wp\/index.php?rest_route=\/wp\/v2\/pages\/123\/revisions\/1536"}],"wp:attachment":[{"href":"https:\/\/aso-wolkersdorf.ac.at\/wp\/index.php?rest_route=%2Fwp%2Fv2%2Fmedia&parent=123"}],"curies":[{"name":"wp","href":"https:\/\/api.w.org\/{rel}","templated":true}]}}